{"id":3,"date":"2021-11-11T10:58:41","date_gmt":"2021-11-11T09:58:41","guid":{"rendered":"http:\/\/www.studiobar-dresden.de\/web\/?page_id=3"},"modified":"2023-07-17T15:11:04","modified_gmt":"2023-07-17T13:11:04","slug":"datenschutzerklaerung","status":"publish","type":"page","link":"https:\/\/www.studiobar-dresden.de\/?page_id=3","title":{"rendered":"DATENSCHUTZERKL\u00c4RUNG GEM\u00c4SS \u00a7 4 BUNDESDATENSCHUTZGESETZ (BDSG)"},"content":{"rendered":"<p><strong><\/strong><\/p>\r\n<p><strong>DATENSCHUTZERKL\u00c4RUNG GEM\u00c4SS \u00a7 4 BUNDESDATENSCHUTZGESETZ (BDSG)<\/strong><\/p>\r\n<p>1. Name der verantwortlichen Stelle:<br \/>studioBAR &#8211; Jan Herrmann<\/p>\r\n<p>2. Verantworlicher:<br \/>Jan Herrmann (Gesch\u00e4ftsf\u00fchrer)<\/p>\r\n<p>3. Anschrift der veantwortlichen Stelle:<br \/>studioBAR<br \/>Jan Herrmann<br \/>G\u00f6rlitzer Stra\u00dfe 1<br \/>01099 Dresden<\/p>\r\n<p>4. Zweckbestimmungen der Erhebung, Verarbeitung oder Nutzung:<br \/>Gegenstand des Unternehmens ist Verkauf von Speisen &amp; Getr\u00e4nken. Die Datenerhebung, -verarbeitung und -nutzung erfolgt zur Aus\u00fcbung der oben angegebenen Zwecke.<\/p>\r\n<p>5. Beschreibung der betroffenen Personengruppen und der diesbez\u00fcglichen Daten oder -kategorien:<br \/>Kundendaten, Mitarbeiterdaten sowie Daten von Lieferanten sofern diese zur Erf\u00fcllung der unter 4. genannten Zwecke erforderlich sind.<\/p>\r\n<p>6. Empf\u00e4nger oder Kategorien von Empf\u00e4ngern, denen die Daten mitgeteilt werden k\u00f6nnen:<br \/>\u00d6ffentliche Stellen bei Vorliegen vorrangiger Rechtsvorschriften, externe Auftragnehmer entsprechend \u00a711 BDSG sowie externe Stellen und interne Abteilungen zur Erf\u00fcllung der unter 4. genannten Zwecke.<\/p>\r\n<p>7. Regelfristen f\u00fcr die L\u00f6schung der Daten:<br \/>Der Gesetzgeber hat vielf\u00e4ltige Aufbewahrungspflichten und -fristen erlassen. Nach Ablauf dieser Fristen werden die entsprechenden Daten routinem\u00e4\u00dfig gel\u00f6scht. Sofern Daten hiervon nicht ber\u00fchrt sind, werden sie gel\u00f6scht, wenn die unter 4. genannten Zwecke wegfallen.<\/p>\r\n<p>8. Externe Dienste:<\/p>\r\n<p><em>\u2014 Google Maps \u2014<\/em><br \/>Diese Webseite verwendet die Google Maps API, um geographische Informationen visuell darzustellen. Bei der Nutzung von Google Maps werden von Google auch Daten \u00fcber die Nutzung der Maps-Funktionen durch Besucher der Webseiten erhoben, verarbeitet und genutzt. N\u00e4here Informationen \u00fcber die Datenverarbeitung durch Google k\u00f6nnen Sie den Datenschutzhinweisen von Google entnehmen:\u00a0<\/p>\r\n<p><a href=\"http:\/\/www.google.com\/privacypolicy.html\">http:\/\/www.google.com\/privacypolicy.html<\/a>.<\/p>\r\n<p>Dort k\u00f6nnen Sie im Datenschutzcenter auch Ihre Einstellungen ver\u00e4ndern, so dass Sie Ihre Daten verwalten und sch\u00fctzen k\u00f6nnen.<\/p>\r\n","protected":false},"excerpt":{"rendered":"<p>DATENSCHUTZERKL\u00c4RUNG GEM\u00c4SS \u00a7 4 BUNDESDATENSCHUTZGESETZ (BDSG) 1. Name der verantwortlichen Stelle:studioBAR &#8211; Jan Herrmann 2. Verantworlicher:Jan Herrmann (Gesch\u00e4ftsf\u00fchrer) 3. Anschrift der veantwortlichen Stelle:studioBARJan HerrmannG\u00f6rlitzer Stra\u00dfe 101099 Dresden 4. Zweckbestimmungen der Erhebung, Verarbeitung oder Nutzung:Gegenstand des Unternehmens ist Verkauf von Speisen &amp; Getr\u00e4nken. Die Datenerhebung, -verarbeitung und -nutzung erfolgt zur Aus\u00fcbung der oben angegebenen Zwecke. 5. [&hellip;]<\/p>\n","protected":false},"author":1,"featured_media":0,"parent":0,"menu_order":9,"comment_status":"closed","ping_status":"open","template":"","meta":{"footnotes":""},"class_list":["post-3","page","type-page","status-publish","hentry"],"_links":{"self":[{"href":"https:\/\/www.studiobar-dresden.de\/index.php?rest_route=\/wp\/v2\/pages\/3","targetHints":{"allow":["GET"]}}],"collection":[{"href":"https:\/\/www.studiobar-dresden.de\/index.php?rest_route=\/wp\/v2\/pages"}],"about":[{"href":"https:\/\/www.studiobar-dresden.de\/index.php?rest_route=\/wp\/v2\/types\/page"}],"author":[{"embeddable":true,"href":"https:\/\/www.studiobar-dresden.de\/index.php?rest_route=\/wp\/v2\/users\/1"}],"replies":[{"embeddable":true,"href":"https:\/\/www.studiobar-dresden.de\/index.php?rest_route=%2Fwp%2Fv2%2Fcomments&post=3"}],"version-history":[{"count":7,"href":"https:\/\/www.studiobar-dresden.de\/index.php?rest_route=\/wp\/v2\/pages\/3\/revisions"}],"predecessor-version":[{"id":410,"href":"https:\/\/www.studiobar-dresden.de\/index.php?rest_route=\/wp\/v2\/pages\/3\/revisions\/410"}],"wp:attachment":[{"href":"https:\/\/www.studiobar-dresden.de\/index.php?rest_route=%2Fwp%2Fv2%2Fmedia&parent=3"}],"curies":[{"name":"wp","href":"https:\/\/api.w.org\/{rel}","templated":true}]}}